{"id":23,"date":"2023-02-08T18:56:00","date_gmt":"2023-02-08T18:56:00","guid":{"rendered":"http:\/\/befortlabs.com\/Befort-Series\/home\/"},"modified":"2023-04-16T23:26:51","modified_gmt":"2023-04-16T23:26:51","slug":"home","status":"publish","type":"page","link":"https:\/\/befortlabs.com\/Befort-Series\/","title":{"rendered":"Home"},"content":{"rendered":"\n\n\n\n\n\n\nEN BEFORT CONTAMOS CON\n<h2>Asesoria Nutricional<\/h2>\n<p>La combinaci\u00f3n perfecta para obtener el rendimiento y el f\u00edsico que siempre has querido, junto con nuestro plan nutricional se elabora una tabla de entrenamiento individualizada acorde a tus posibilidades y exigencias.<br><\/p>\n<p>Este plan incluye:\n\nPlan Nutricional\nPrograma de entrenamiento individualizada en funci\u00f3n del deporte que realices, rendimiento y f\u00edsico deseados\nServicio online<br><\/p>\n\n\n\n\n\u00bfCansado de usar otras marcas y no ver resultados?\n<p>Aqu\u00ed tenemos los MG reales que necesitas en tus entrenamientos, contamos con cientos de referencias de clientes que obtuvieron resultados reales en poco tiempo.<\/p>\n\n\n\n\n\n<em>\u00abHe utilizado otras marcas pero ninguna como befort , &nbsp;con otras marcas necesitaba lo doble de lo que necesite con befort,&nbsp;<\/em><em>sin duda alguna tienen la mejor asesor\u00eda&nbsp;y la mejor calidad,<\/em><em>\u00ab<\/em>\n\n\n\n\nTRANSFORMA TU CUERPO&#8230; TU VIDA&#8230; TUS HABITOS&#8230;<h3><br><\/h3>\n\n\n<h5>Ciclo Volumen<\/h5>\n<p>Este ciclo est\u00e1 dise\u00f1ado para personas que buscan un incremento de masa muscular . Los resultados esperados son aumento entre 3 y 5kg de masa muscular, aumento dr\u00e1stico de fuerza y aceleraci\u00f3n del metabolismo al cabo de 10 semanas.<\/p>\n\n\n\n<h5>Ciclo Corte<\/h5>\n<p><Este ciclo est\u00e1 dise\u00f1ado para personas que buscan un incremento de masa muscular y que nunca antes han usado ciclos de anab\u00f3licos.<\/b><Los resultados esperados son aumento entre 3 y 5kg de masa muscular, aumento dr\u00e1stico de fuerza y aceleraci\u00f3n del metabolismo al cabo de 10 semanas.<br><\/p>\n<p>El ciclo ideal para personas que desean definici\u00f3n muscular, o aquellas que desean competir y est\u00e1n en etapa precompetici\u00f3n <\/p>\n\n\n\n<h5>ASESORIA PERSONALIZADA<\/h5>\n<p>Uno de nuestros asesores especializados y certificado en el deporte te oritentara y ayudara en tu proceso de transformacion.<\/p>\n\n\n\n\n\n\n\n\n\n\n\n\n\n\n","protected":false},"excerpt":{"rendered":"","protected":false},"author":0,"featured_media":0,"parent":0,"menu_order":0,"comment_status":"closed","ping_status":"closed","template":"","meta":{"footnotes":""},"class_list":["post-23","page","type-page","status-publish","hentry"],"_links":{"self":[{"href":"https:\/\/befortlabs.com\/Befort-Series\/wp-json\/wp\/v2\/pages\/23","targetHints":{"allow":["GET"]}}],"collection":[{"href":"https:\/\/befortlabs.com\/Befort-Series\/wp-json\/wp\/v2\/pages"}],"about":[{"href":"https:\/\/befortlabs.com\/Befort-Series\/wp-json\/wp\/v2\/types\/page"}],"replies":[{"embeddable":true,"href":"https:\/\/befortlabs.com\/Befort-Series\/wp-json\/wp\/v2\/comments?post=23"}],"version-history":[{"count":21,"href":"https:\/\/befortlabs.com\/Befort-Series\/wp-json\/wp\/v2\/pages\/23\/revisions"}],"predecessor-version":[{"id":140,"href":"https:\/\/befortlabs.com\/Befort-Series\/wp-json\/wp\/v2\/pages\/23\/revisions\/140"}],"wp:attachment":[{"href":"https:\/\/befortlabs.com\/Befort-Series\/wp-json\/wp\/v2\/media?parent=23"}],"curies":[{"name":"wp","href":"https:\/\/api.w.org\/{rel}","templated":true}]}}