{"id":21,"date":"2023-02-08T18:56:00","date_gmt":"2023-02-08T18:56:00","guid":{"rendered":"http:\/\/befortlabs.com\/Befort-Series\/about\/"},"modified":"2023-04-17T04:12:21","modified_gmt":"2023-04-17T04:12:21","slug":"about","status":"publish","type":"page","link":"https:\/\/befortlabs.com\/Befort-Series\/about\/","title":{"rendered":"About"},"content":{"rendered":"\n\n\n\n<h3>Nuestras Referencias&nbsp;<\/h3>\n<p>Actualmente contamos con miles de referencias y clientes satisfechos con nuestros productos y servicios estamos presentes en todo M\u00e9xico , nuestro producto esta creado para clientes que buscan mg reales.&nbsp;<\/p>\n\n\n\n\n\n\n\n\n\n\n\n\n\n\n\n\n\n\n\n\n\n\n<h4>NUESTROS<\/h4>\n<h2>PRODUCTOS<\/h2>\n\n\nNANDROLONA DECANOATE<div>200MG\/10ML<\/div><div><br>El alto efecto del Decanoato de Nandrolona se encuentra ligado a un componente de efecto androg\u00e9nico moderado, por lo tanto se obtiene una buena ganancia en masa muscular y fuerza.\nAl mismo tiempo, la mayor\u00eda de los atletas notan una retenci\u00f3n de agua considerable, la cual sin duda, no es muy distinta a la de las testosteronas inyectables, pero que en dosis altas puede causar tambi\u00e9n una apariencia suave y acuosa.<\/div><div><br><\/div>\n\n\nOXIMETALONA<p>50MG\/50tabs<\/p><p>Oximetolona 50 mg es el esteroide oral m\u00e1s fuerte y al mismo tiempo el m\u00e1s efectivo. Es un 17 alfa alquilatado, por lo que a su paso por el h\u00edgado no es afectado por sus enzimas. Debe ser tomado temporalmente para evitar da\u00f1os al h\u00edgado.<br><\/p>\n\n\n\n\nSUSTANON<p>250MG\/10ML<\/p><p><br>Es un esteroide muy popular, el cual es altamente valorado por sus usuarios debido a que ofrece muchas ventajas comparado con los otros compuestos de testosterona.\n\nEl Sustanon 250 mg es una mezcla de cuatro testosteronas diferentes que, debido a una composici\u00f3n bien elaborada, tiene un efecto sin\u00e9rgico.\n\nEsto tiene dos caracter\u00edsticas positivas para el atleta:\n\nDebido al efecto de combinaci\u00f3n especial de los compuestos, el Sustanon 250 mg, miligramo por miligramo, tiene un mejor efecto que el enantato de testosterona, el cypionato, y el propionato exclusivamente.\nSegundo, el efecto de las cuatro testosteronas es liberado poco a poco a lo largo del tiempo, por lo que el Sustanon entra r\u00e1pidamente en el sistema del atleta y surte efecto durante varias semanas. Debido al propionato incluido en el esteroide, el Sustanon es efectivo desde el primer d\u00eda, y debido al decanoato incluido en el compuesto, permanece activo durante 3 \u2013 4 semanas.<\/p><p><br><\/p>\n\n\nANAVAR<p>10MG \/ 60TABS\n<\/p>Anavar 10 mg es conocido como un buen agente para la promoci\u00f3n de fuerza y ganancia de masa muscular de calidad.\n\nEntre los fisicoculturistas es normalmente m\u00e1s usado durante las fases del entrenamiento de secado, rayado y definici\u00f3n, cuando la retenci\u00f3n de agua es una preocupaci\u00f3n.<div><br><p> Es un anab\u00f3lico suave con actividad del androg\u00e9nica baja. Su actividad androg\u00e9nica reducida tiene mucho que ver con el hecho de que es un derivado de la dihidrotestosterona.<br><\/p><\/div>\n\n\n\n\nENANTATO DE TESTOSTERONA<p>200MG\/10ML<\/p><p><br>Testosterona Enantato 200 mg es un esteroide inyectable en aceite, dise\u00f1ado para liberar la testosterona lentamente desde el lugar de la inyecci\u00f3n.\n\nUna vez administrada, las concentraciones s\u00e9ricas de esta hormona aumentar\u00e1n durante varios d\u00edas y permanecer\u00e1n elevadas durante aproximadamente dos semanas.\n\nPuede tomar tres semanas para que la acci\u00f3n de este f\u00e1rmaco disminuya completamente.\n\nPara fines m\u00e9dicos esta es la testosterona m\u00e1s ampliamente recetada, usada regularmente para tratar casos de hipogonadismo y otros trastornos relacionados con la deficiencia de andr\u00f3genos.\n\nDado que este es un esteroide de acci\u00f3n prolongada es un elemento muy bien recibido por los pacientes, ya que no deben inyectar tantas veces por semana.<\/p><p><br><\/p>\n\n\nDIANABOL<p>20MG \/ 60TABS\n<\/p>Tambien conocida como Metandrostenolona, proporciona muchos beneficios, el m\u00e1s importante de todo est\u00e1 en su capacidad para proporcionar un r\u00e1pido aumento de la masa muscular en general.\n\nLo que lo distingue de otros anab\u00f3licos es que tiene la capacidad para aumentar en gran medida la glucogenolisis, en t\u00e9rminos simples este aumento en la glucogen\u00f3lisis significa que los hidratos de carbono que consumes en tu dieta son m\u00e1s valiosos, cada gramo de hidrato de carbono se utiliza en un mayor grado cuando el Dianabol est\u00e1 presente en el cuerpo.<br><\/p><\/p>\n\n\n\n\nCYPROTEST<div>Propionato de Testosterona 100mg y Cypionato de Testosterona 1oomg<br><p>200MG\/10ML<\/p><p><br>Cyprotest 200 mg es un mezcla de esteroide inyectable en aceite, dise\u00f1ado y creado especialmente por befort company, para una liberacion de vida media y de larga duracion. Una vez administrada, las concentraciones s\u00e9ricas de esta hormona estan presentes y aumentar\u00e1n durante varios d\u00edas y permanecer\u00e1n elevadas durante aproximadamente dos semanas.&nbsp; Dado que este es un esteroide de acci\u00f3n prolongada es un elemento muy bien recibido por los pacientes, ya que no deben inyectar tantas veces por semana.<\/p><p><br><\/p><\/div>\n\n\nSTANOZOLOL<p>10MG \/ 60TABS\n<\/p>Es un esteroide muy eficaz. Por eso es el preferido por la mayor\u00eda de los atletas.\n\nEste compuesto es un derivado de la dehidrotestosterona, aunque su actividad es mucho m\u00e1s suave que este andr\u00f3geno en la naturaleza.\n\nEst\u00e1 clasificado t\u00e9cnicamente como un esteroide anab\u00f3lico, ha demostrado exhibir una tendencia levemente m\u00e1s grande para el crecimiento muscular que una actividad androg\u00e9nica en estudios tempranos.<br><p><\/p><p><\/p>\n\n\n\n\n<p>Cypionato de Testosterona<\/p><p><\/p><p>200MG\/10ML<\/p><p><br>Testosterona Cipionato de acci\u00f3n lenta. Como con todas las testosteronas inyectables, la cipionato es altamente favorecida por los atletas por su habilidad para promover fuertes incrementos en la masa muscular y la fuerza. \n\nLa testosterona Cipionato y la Enantato proveen patrones extremadamente comparables de liberaci\u00f3n de testosterona. Estas dos testosteronas son para todos los prop\u00f3sitos funcionalmente intercambiables, no hay diferencia. La \u00fanica diferencia que podriamos marcar entre estas dos parece ser en el area de la comodidad del paciente. El \u00e1cido de la Cipionato es menos irritante en el \u00e1rea de inyeccion que el \u00e1cido de la enantato para un peque\u00f1o porcentaje de pacientes.<\/p><p><br><\/p><p><\/p>\n\n\n<p>Citrato de Tamoxifeno<\/p><p>20MG \/ 60TABS\n<\/p>Puesto que la mayor\u00eda de los esteroides aromatizan fuertemente, es decir, parte de la sustancia se convierte en estr\u00f3genos, los fisicoculturistas hombres pueden experimentar una elevaci\u00f3n significativa en el nivel, normalmente bajo, de estr\u00f3genos.\n\nEsto puede originar los s\u00edntomas de feminizaci\u00f3n como ginecomastia (crecimiento de gl\u00e1ndulas del pecho), aumento de los dep\u00f3sitos grasos y retenci\u00f3n de agua elevada.\n\nEl antiestrog\u00e9nico Taxus evita esto bloqueando los receptores de estr\u00f3genos del tejido corporal afectado, inhibiendo la uni\u00f3n de los estr\u00f3genos con los receptores.<br><p><\/p><p><\/p>\n\n\n\n\n<p>Trenbolona Enantato<\/p><p><\/p><p>100MG\/10ML<\/p><p><br>Trembolona Enantato tiene la capacidad de estimular el aumento de s\u00edntesis de prote\u00edna que prueba ser \u00fatil en la formaci\u00f3n de nuevos tejidos. A su vez, esto promueve el crecimiento muscular e hipertrofia. \n\nLa Trembolona Enantato es com\u00fanmente utilizado por los luchadores de MMA, ciclismo y boxeo, ya que ayuda principalmente con la velocidad y fuerza.\n\nPuede demostrar una eficacia en la reducci\u00f3n de los niveles de grasa corporal ya que tiene un fuerte efecto de reducci\u00f3n de cortisol, Adem\u00e1s de la capacidad de uni\u00f3n al receptor de gluco-corticoides.Es una de las mejores y favoritas de los atletas de elite.<\/p><p><br><\/p><p><\/p>\n\n\n<p>Tadalafil<\/p><p>5MG \/ 20TABS\n<\/p>Su acci\u00f3n consiste en tratar la disfunci\u00f3n er\u00e9ctil aumentando el flujo sangu\u00edneo al pene durante la estimulaci\u00f3n sexual. Ese aumento del flujo de sangre puede provocar una erecci\u00f3n. El tadalafilo trata la HAP relajando los vasos sangu\u00edneos de los pulmones para que la sangre fluya m\u00e1s f\u00e1cilmente.<br><p><\/p><p><\/p>\n\n\n\n\n<p>Propionato de Testosterona<\/p><p><\/p><p>100MG\/10ML<\/p><p><br>\nSi la usa correctamente la testosterona de propionato es una de las mejores de su clase.No tiene tanta popularidad entre los atletas, debido a que ellos quieren resultados r\u00e1pidos, y esta testosterona aunque es tan efectiva, no es del tipo que da los resultados r\u00e1pidos que algunos esperan.\n\nCon una duraci\u00f3n de 4 a 5 d\u00edas, no produce retenci\u00f3n de agua al nivel que otras testosteronas lo hacen como la testosterona de enanthate. Despu\u00e9s del uso de la Testosterona Propionato 100 mg el efecto se nota en un instante.\n\nEn este poco tiempo, el atleta se sentir\u00e1 agresivo y fuerte. Tendr\u00e1 un incremento en el apetito, esto deja claro porque la testosterona de propionato es usada para tratar a personas con p\u00e9rdida de masa muscular..<\/p><p><br><\/p><p><\/p>\n\n\n<p>Citrato de Clomifeno<\/p><p>50MG\/20tabs<\/p>Clomid ayuda a los atletas y culturistas a reducir al m\u00ednimo todos los efectos adversos de los esteroides anab\u00f3licos. Clomid es una gran opci\u00f3n para: &#8211; Eliminaci\u00f3n de la ginecomastia (agrandamiento de los pectorales de tipo femenino). &#8211; Estimulaci\u00f3n de la producci\u00f3n de las hormonas luteinizante y foliculoestimulante.\nLos culturistas utilizan el Clomid en el post ciclo de esteroides. <br><p><\/p><p>Los culturistas masculinos que utilizan ciclos de esteroides anab\u00f3licos androg\u00e9nicos han descubierto que con la ayuda del Clomid, pueden aumentar la hormona luteinizante (LH), y as\u00ed aumentar los niveles totales de testosterona.\n\nEsta es la principal raz\u00f3n por la cual los usuarios de esteroides anab\u00f3licos androg\u00e9nicos utilizan el Clomid durante la terapia post ciclo de esteroides, para dar un impulso a la producci\u00f3n natural de testosterona.\n\nEn teor\u00eda se podr\u00eda decir que el Clomid, como tiene la capacidad de unirse a los receptores de estr\u00f3geno, al igual que el Novaldex, los usuarios masculinos que utilizan compuestos estrog\u00e9nicos como, por ejemplo, la testosterona, dianabol, y deca durabolin, podr\u00edan utilizarlo como arma contra la ginecomastia.<\/p><p><br><\/p>\n\n\n\n\n<p>Stanozolol<\/p><p><\/p><p>100MG\/10ML<\/p><p><br>\nEs favorecido por su habilidad para promover el crecimiento muscular sin retenci\u00f3n de agua, haciendolo altamente valioso para fisiculturistas y atletas de competencia que est\u00e1n en dietas.\nEl winstrol no es aromatizado por el cuerpo ni es mesurablemente androg\u00e9nico\nNo es necesario el uso de un anti-estrog\u00e9nico cuando se administra solo.\nLa ginecomastia tampoco debe ser un problema ni se necesita el uso del clomifeno.\nEl winstrol es preferido durante ciclos de corte y definici\u00f3n, cuando no se desea agua ni grasa.\nEsta sustancia es la predilecta por los atletas que requieren combinar velocidad y fuerza, en deportes tales como de pista y campo de juego.<\/p><p><br><\/p><p><\/p>\n\n\n<p>Propionato de Drostanolona<\/p><p>100MG\/10ML<\/p>Drostanolona propionato es un derivado sint\u00e9tico de la dihidrotestosterona (DTH). Esto hace que la Drostanolona no aromatice en ninguna dosificaci\u00f3n y por lo tanto no puede convertirse en estr\u00f3genos.\n\nDebido a que Masteron es un esteroide predominantemente androg\u00e9nico, el atleta puede aumentar su nivel de andr\u00f3genos sin correr el riesgo de aumentar sus niveles de estr\u00f3genos.\n\nEsto produce una dureza y agudeza de los m\u00fasculos dram\u00e1ticamente mejorada. Se debe, sin embargo, hacer notar que Masteron no mejora autom\u00e1ticamente la calidad de m\u00fasculos en todos los usuarios.\n\nUn requisito previo es que el nivel de grasa corporal del atleta debe estar muy bajo. En este caso Masteron puede ser entonces el factor decisivo entre un m\u00fasculo liso, plano o uno duro y muy definido. <br><p><\/p><p><\/p>\n\n\n\n\n<p>UNDECYLENATO DE BOLDENONA<\/p><p>200MG\/10ML<\/p><p><span style=\"color: rgb(0, 0, 0); font-size: 16px;\">Es un esteroide inyectable derivado de la testosterona que exhibe fuertes propiedades anabolizantes y moderadamente androg\u00e9nicas. El \u00e9ster undecilinato extiende la actividad del esteroide en gran medida (el \u00e9ster undecilinato es s\u00f3lo un \u00e1tomo de carbono m\u00e1s largo que el decanoato), de modo que las inyecciones deben repetirse s\u00f3lo una vez cada 3 \u00f3 4 semanas. El buen equilibrio androg\u00e9nico y las propiedades de esta droga son muy apreciadas por los atletas, que en general consideran que es mas fuerte y un poco m\u00e1s androg\u00e9nico al DecaDurabolin.<\/span><br><\/p><p><br><\/p><p><\/p>\n\n\n\n\n\n\n","protected":false},"excerpt":{"rendered":"","protected":false},"author":0,"featured_media":0,"parent":0,"menu_order":0,"comment_status":"closed","ping_status":"closed","template":"","meta":{"footnotes":""},"class_list":["post-21","page","type-page","status-publish","hentry"],"_links":{"self":[{"href":"https:\/\/befortlabs.com\/Befort-Series\/wp-json\/wp\/v2\/pages\/21","targetHints":{"allow":["GET"]}}],"collection":[{"href":"https:\/\/befortlabs.com\/Befort-Series\/wp-json\/wp\/v2\/pages"}],"about":[{"href":"https:\/\/befortlabs.com\/Befort-Series\/wp-json\/wp\/v2\/types\/page"}],"replies":[{"embeddable":true,"href":"https:\/\/befortlabs.com\/Befort-Series\/wp-json\/wp\/v2\/comments?post=21"}],"version-history":[{"count":62,"href":"https:\/\/befortlabs.com\/Befort-Series\/wp-json\/wp\/v2\/pages\/21\/revisions"}],"predecessor-version":[{"id":220,"href":"https:\/\/befortlabs.com\/Befort-Series\/wp-json\/wp\/v2\/pages\/21\/revisions\/220"}],"wp:attachment":[{"href":"https:\/\/befortlabs.com\/Befort-Series\/wp-json\/wp\/v2\/media?parent=21"}],"curies":[{"name":"wp","href":"https:\/\/api.w.org\/{rel}","templated":true}]}}